{"id":1830,"date":"2023-10-03T12:35:08","date_gmt":"2023-10-03T12:35:08","guid":{"rendered":"https:\/\/www.terrachips.com\/a-propos-de-nous\/"},"modified":"2025-05-31T11:43:53","modified_gmt":"2025-05-31T11:43:53","slug":"a-propos-de-nous","status":"publish","type":"page","link":"https:\/\/www.terrachips.com\/fr\/a-propos-de-nous\/","title":{"rendered":"\u00c0 propos de nous"},"content":{"rendered":"\n<p>Ceci est un exemple de page. C\u2019est diff\u00e9rent d\u2019un article de blogue parce qu\u2019il restera au m\u00eame endroit et appara\u00eetra dans la navigation de votre site (dans la plupart des th\u00e8mes). La plupart des gens commencent par une page \u00c0 propos qui les pr\u00e9sente aux visiteurs potentiels du site. Cela pourrait dire quelque chose comme ceci :   <\/p>\n\n<blockquote class=\"wp-block-quote is-layout-flow wp-block-quote-is-layout-flow\"><p>Bonjour! Je suis messager \u00e0 v\u00e9lo le jour, acteur en herbe la nuit, et c\u2019est mon site Web. J\u2019habite \u00e0 Los Angeles, j\u2019ai un super chien qui s\u2019appelle Jack et j\u2019aime les pi\u00f1a coladas. (Et se faire prendre sous la pluie.)   <\/p><\/blockquote>\n\n<p>&#8230; ou quelque chose comme ceci :<\/p>\n\n<blockquote class=\"wp-block-quote is-layout-flow wp-block-quote-is-layout-flow\"><p>La soci\u00e9t\u00e9 XYZ Doohickey a \u00e9t\u00e9 fond\u00e9e en 1971 et fournit des doohickeys de qualit\u00e9 au public depuis lors. Situ\u00e9 \u00e0 Gotham City, XYZ emploie plus de 2 000 personnes et fait toutes sortes de choses g\u00e9niales pour la communaut\u00e9 de Gotham. <\/p><\/blockquote>\n\n<p>En tant que nouvel utilisateur de WordPress, vous devez vous rendre sur <a href=\"https:\/\/www.terrachips.com\/wp-admin\/\">votre tableau de bord<\/a> pour supprimer cette page et cr\u00e9er de nouvelles pages pour votre contenu. Amuse-toi! <\/p>\n","protected":false},"excerpt":{"rendered":"<p>Ceci est un exemple de page. C\u2019est diff\u00e9rent d\u2019un article de blogue parce qu\u2019il restera au m\u00eame endroit et appara\u00eetra dans la navigation de votre&hellip;<\/p>\n","protected":false},"author":1,"featured_media":0,"parent":0,"menu_order":0,"comment_status":"closed","ping_status":"closed","template":"","meta":{"_acf_changed":false,"footnotes":""},"class_list":["post-1830","page","type-page","status-publish","hentry"],"acf":[],"_links":{"self":[{"href":"https:\/\/www.terrachips.com\/fr\/wp-json\/wp\/v2\/pages\/1830","targetHints":{"allow":["GET"]}}],"collection":[{"href":"https:\/\/www.terrachips.com\/fr\/wp-json\/wp\/v2\/pages"}],"about":[{"href":"https:\/\/www.terrachips.com\/fr\/wp-json\/wp\/v2\/types\/page"}],"author":[{"embeddable":true,"href":"https:\/\/www.terrachips.com\/fr\/wp-json\/wp\/v2\/users\/1"}],"replies":[{"embeddable":true,"href":"https:\/\/www.terrachips.com\/fr\/wp-json\/wp\/v2\/comments?post=1830"}],"version-history":[{"count":0,"href":"https:\/\/www.terrachips.com\/fr\/wp-json\/wp\/v2\/pages\/1830\/revisions"}],"wp:attachment":[{"href":"https:\/\/www.terrachips.com\/fr\/wp-json\/wp\/v2\/media?parent=1830"}],"curies":[{"name":"wp","href":"https:\/\/api.w.org\/{rel}","templated":true}]}}